{"id":264,"date":"2026-03-25T22:44:19","date_gmt":"2026-03-25T22:44:19","guid":{"rendered":"https:\/\/globalsecuritytechnology.com.br\/?post_type=product&#038;p=264"},"modified":"2026-03-26T17:30:09","modified_gmt":"2026-03-26T17:30:09","slug":"at-801","status":"publish","type":"product","link":"https:\/\/globalsecuritytechnology.com.br\/en\/product\/at-801\/","title":{"rendered":"AT-801"},"content":{"rendered":"<h3>Detector de Jun\u00e7\u00e3o N\u00e3o Linear<\/h3>\n<p class=\"mb-30\" style=\"text-align: justify;\">Tecnologia avan\u00e7ada de detec\u00e7\u00e3o desenvolvida para localizar dispositivos eletr\u00f4nicos escondidos em qualquer tipo de ambiente. Utilizando o princ\u00edpio de detec\u00e7\u00e3o de jun\u00e7\u00f5es n\u00e3o lineares, o equipamento identifica circuitos eletr\u00f4nicos ocultos mesmo quando est\u00e3o desligados, sem bateria ou sem transmiss\u00e3o ativa. O sistema permite identificar dispositivos ocultos em paredes, pisos, tetos, lumin\u00e1rias, m\u00f3veis, ve\u00edculos ou qualquer outro tipo de estrutura, garantindo uma varredura completa e altamente confi\u00e1vel. Para facilitar a opera\u00e7\u00e3o, o detector conta com m\u00faltiplos sistemas de alerta, incluindo indica\u00e7\u00e3o visual em display digital, alerta vibrat\u00f3rio e sinaliza\u00e7\u00e3o sonora, permitindo que o operador identifique rapidamente poss\u00edveis amea\u00e7as eletr\u00f4nicas durante a inspe\u00e7\u00e3o. Projetado para opera\u00e7\u00f5es profissionais, o equipamento \u00e9 amplamente utilizado por ag\u00eancias governamentais, for\u00e7as de seguran\u00e7a, unidades de intelig\u00eancia, institui\u00e7\u00f5es judiciais, empresas e equipes especializadas em prote\u00e7\u00e3o de informa\u00e7\u00f5es sens\u00edveis.<br \/>\nPrincipais aplica\u00e7\u00f5es:<br \/>\n<img decoding=\"async\" class=\"emoji\" role=\"img\" draggable=\"false\" src=\"https:\/\/s.w.org\/images\/core\/emoji\/17.0.2\/svg\/1f539.svg\" alt=\"\ud83d\udd39\" \/> Prote\u00e7\u00e3o de informa\u00e7\u00f5es estrat\u00e9gicas, localiza\u00e7\u00e3o de dispositivos de escuta eletr\u00f4nica, celulares ocultos ou equipamentos com cart\u00e3o SIM instalados clandestinamente em salas de reuni\u00e3o, escrit\u00f3rios executivos ou ambientes corporativos confidenciais.<br \/>\n<img decoding=\"async\" class=\"emoji\" role=\"img\" draggable=\"false\" src=\"https:\/\/s.w.org\/images\/core\/emoji\/17.0.2\/svg\/1f539.svg\" alt=\"\ud83d\udd39\" \/> Seguran\u00e7a e inspe\u00e7\u00e3o de \u00e1reas sens\u00edveis detec\u00e7\u00e3o de componentes eletr\u00f4nicos utilizados em dispositivos explosivos ou sistemas de acionamento remoto em \u00e1reas de risco.<br \/>\n<img decoding=\"async\" class=\"emoji\" role=\"img\" draggable=\"false\" src=\"https:\/\/s.w.org\/images\/core\/emoji\/17.0.2\/svg\/1f539.svg\" alt=\"\ud83d\udd39\" \/>\u00a0Prote\u00e7\u00e3o de privacidade Identifica\u00e7\u00e3o de c\u00e2meras ocultas, gravadores de \u00e1udio e dispositivos clandestinos de captura de imagem ou som em resid\u00eancias, hot\u00e9is, escrit\u00f3rios e ambientes privados.<br \/>\n<img decoding=\"async\" class=\"emoji\" role=\"img\" draggable=\"false\" src=\"https:\/\/s.w.org\/images\/core\/emoji\/17.0.2\/svg\/1f539.svg\" alt=\"\ud83d\udd39\" \/>\u00a0Opera\u00e7\u00f5es de varredura eletr\u00f4nica (TSCM) Ferramenta essencial para equipes de contra-intelig\u00eancia, contra-espionagem corporativa e prote\u00e7\u00e3o de executivos.<br \/>\nCom alta sensibilidade e precis\u00e3o, o detector oferece uma solu\u00e7\u00e3o eficaz para garantir seguran\u00e7a, confidencialidade e prote\u00e7\u00e3o de dados em ambientes cr\u00edticos.<\/p>\n<div class=\"list-text\">\n<ul>\n<li>Certifica\u00e7\u00e3o Autorizada<\/li>\n<li>Alta sensibilidade<\/li>\n<li>Alta capacidade de detec\u00e7\u00e3o e penetra\u00e7\u00e3o<\/li>\n<li>Longa dist\u00e2ncia de detec\u00e7\u00e3o<\/li>\n<li>Bateria de longa dura\u00e7\u00e3o<\/li>\n<li>Self-control<\/li>\n<\/ul>\n<\/div>\n<div class=\"list-text\">\n<section class=\"elementor-section elementor-top-section elementor-element elementor-element-55293ff elementor-section-boxed elementor-section-height-default elementor-section-height-default\" data-id=\"55293ff\" data-element_type=\"section\" data-e-type=\"section\" data-settings=\"{&quot;background_background&quot;:&quot;classic&quot;}\">\n<div class=\"elementor-container elementor-column-gap-no\">\n<div class=\"elementor-column elementor-col-100 elementor-top-column elementor-element elementor-element-55e9762\" data-id=\"55e9762\" data-element_type=\"column\" data-e-type=\"column\">\n<div class=\"elementor-widget-wrap elementor-element-populated\">\n<div class=\"elementor-element elementor-element-108da6c elementor-widget elementor-widget-text-editor\" data-id=\"108da6c\" data-element_type=\"widget\" data-e-type=\"widget\" data-widget_type=\"text-editor.default\">\n<h3>Especifica\u00e7\u00f5es<\/h3>\n<table>\n<thead>\n<tr>\n<th>Par\u00e2metros<\/th>\n<th>Especifica\u00e7\u00f5es t\u00e9cnicas<\/th>\n<\/tr>\n<\/thead>\n<tbody>\n<tr>\n<td>Banda de trabalho<\/td>\n<td>2400 MHz<\/td>\n<\/tr>\n<tr>\n<td>Tens\u00e3o de trabalho<\/td>\n<td>7,4 V<\/td>\n<\/tr>\n<tr>\n<td>Frequ\u00eancia de transmiss\u00e3o<\/td>\n<td>2,4 GHz ~ 2,5 GHz<\/td>\n<\/tr>\n<tr>\n<td>Recep\u00e7\u00e3o do 2\u00ba ao 3\u00ba harm\u00f4nico<\/td>\n<td>4,8 GHz a 5,0 GHz \/ 7,2 GHz a 7,5 GHz<\/td>\n<\/tr>\n<tr>\n<td>Pot\u00eancia de transmiss\u00e3o<\/td>\n<td>0 ~ 4W (EIRP) \u2013 modo pulso (m\u00e1x.)<\/td>\n<\/tr>\n<tr>\n<td>Sensibilidade de recep\u00e7\u00e3o<\/td>\n<td>\u2264 -140 dBm<\/td>\n<\/tr>\n<tr>\n<td>Faixa din\u00e2mica de recep\u00e7\u00e3o<\/td>\n<td>30 dB<\/td>\n<\/tr>\n<tr>\n<td>Bateria<\/td>\n<td>Bateria de l\u00edtio substitu\u00edvel<\/td>\n<\/tr>\n<tr>\n<td>Tempo de opera\u00e7\u00e3o<\/td>\n<td>\u2265 4h (modo pulso m\u00e1ximo)<\/td>\n<\/tr>\n<tr>\n<td>Tempo de carregamento<\/td>\n<td>2,5 horas por bateria (carga r\u00e1pida)<\/td>\n<\/tr>\n<tr>\n<td>Interface<\/td>\n<td>Display LCD de intensidade do sinal harm\u00f4nico,<br \/>\nalertas sonoros (fones ou alto-falante externo)<br \/>\ne alerta por vibra\u00e7\u00e3o.<\/td>\n<\/tr>\n<tr>\n<td>Dist\u00e2ncia de detec\u00e7\u00e3o<\/td>\n<td>\u2265 6 m (produtos grau C conforme norma GA1236-2015)<\/td>\n<\/tr>\n<tr>\n<td>Tamanho<\/td>\n<td>760 \u00d7 114 \u00d7 96 mm<\/td>\n<\/tr>\n<tr>\n<td>Tamanho da embalagem<\/td>\n<td>700 \u00d7 330 \u00d7 180 mm<\/td>\n<\/tr>\n<tr>\n<td>Peso<\/td>\n<td>1,48 kg \u00b1 0,05 kg<\/td>\n<\/tr>\n<tr>\n<td>Temperatura de trabalho<\/td>\n<td>-10\u00b0C ~ +55\u00b0C<\/td>\n<\/tr>\n<tr>\n<td>Umidade de trabalho<\/td>\n<td>\u2264 93% (sem condensa\u00e7\u00e3o)<\/td>\n<\/tr>\n<\/tbody>\n<\/table>\n<\/div>\n<\/div>\n<\/div>\n<\/div>\n<\/section>\n<\/div>","protected":false},"excerpt":{"rendered":"<p style=\"text-align: justify;\">Tecnologia avan\u00e7ada de detec\u00e7\u00e3o desenvolvida para localizar dispositivos eletr\u00f4nicos escondidos em qualquer tipo de ambiente. Utilizando o princ\u00edpio de detec\u00e7\u00e3o de jun\u00e7\u00f5es n\u00e3o lineares, o equipamento identifica circuitos eletr\u00f4nicos ocultos mesmo quando est\u00e3o desligados, sem bateria ou sem transmiss\u00e3o ativa. O sistema permite identificar dispositivos ocultos em paredes, pisos, tetos, lumin\u00e1rias, m\u00f3veis, ve\u00edculos ou qualquer outro tipo de estrutura, garantindo uma varredura completa e altamente confi\u00e1vel.<\/p>","protected":false},"featured_media":265,"comment_status":"closed","ping_status":"closed","template":"","meta":[],"product_brand":[],"product_cat":[29],"product_tag":[],"class_list":{"0":"post-264","1":"product","2":"type-product","3":"status-publish","4":"has-post-thumbnail","6":"product_cat-detectores","8":"first","9":"instock","10":"featured","11":"shipping-taxable","12":"product-type-simple"},"_links":{"self":[{"href":"https:\/\/globalsecuritytechnology.com.br\/en\/wp-json\/wp\/v2\/product\/264","targetHints":{"allow":["GET"]}}],"collection":[{"href":"https:\/\/globalsecuritytechnology.com.br\/en\/wp-json\/wp\/v2\/product"}],"about":[{"href":"https:\/\/globalsecuritytechnology.com.br\/en\/wp-json\/wp\/v2\/types\/product"}],"replies":[{"embeddable":true,"href":"https:\/\/globalsecuritytechnology.com.br\/en\/wp-json\/wp\/v2\/comments?post=264"}],"wp:featuredmedia":[{"embeddable":true,"href":"https:\/\/globalsecuritytechnology.com.br\/en\/wp-json\/wp\/v2\/media\/265"}],"wp:attachment":[{"href":"https:\/\/globalsecuritytechnology.com.br\/en\/wp-json\/wp\/v2\/media?parent=264"}],"wp:term":[{"taxonomy":"product_brand","embeddable":true,"href":"https:\/\/globalsecuritytechnology.com.br\/en\/wp-json\/wp\/v2\/product_brand?post=264"},{"taxonomy":"product_cat","embeddable":true,"href":"https:\/\/globalsecuritytechnology.com.br\/en\/wp-json\/wp\/v2\/product_cat?post=264"},{"taxonomy":"product_tag","embeddable":true,"href":"https:\/\/globalsecuritytechnology.com.br\/en\/wp-json\/wp\/v2\/product_tag?post=264"}],"curies":[{"name":"wp","href":"https:\/\/api.w.org\/{rel}","templated":true}]}}