{"id":313,"date":"2026-03-26T00:55:49","date_gmt":"2026-03-26T00:55:49","guid":{"rendered":"https:\/\/globalsecuritytechnology.com.br\/?post_type=product&#038;p=313"},"modified":"2026-03-26T17:34:23","modified_gmt":"2026-03-26T17:34:23","slug":"at-336b","status":"publish","type":"product","link":"https:\/\/globalsecuritytechnology.com.br\/en\/product\/at-336b\/","title":{"rendered":"AT-336B"},"content":{"rendered":"<h3>Bloqueador de \u00e1udio para celular<\/h3>\n<p class=\"mb-30\">O dispositivo foi desenvolvido para prote\u00e7\u00e3o contra grava\u00e7\u00f5es realizadas por celulares, oferecendo uma solu\u00e7\u00e3o eficiente para ambientes que exigem alto n\u00edvel de confidencialidade e controle centralizado de dispositivos m\u00f3veis. Seu design com m\u00faltiplos compartimentos permite acomodar e proteger at\u00e9 quatro celulares simultaneamente, tornando-o ideal para reuni\u00f5es estrat\u00e9gicas e ambientes corporativos sens\u00edveis. Equipado com baterias internas de alta capacidade, o equipamento oferece autonomia prolongada e flexibilidade para ser posicionado facilmente em diferentes locais da sala. O sistema utiliza um misturador ultrass\u00f4nico propriet\u00e1rio, aliado a uma avan\u00e7ada tecnologia de mixagem ac\u00fastica n\u00e3o linear, capaz de gerar blindagem ultrass\u00f4nica de ru\u00eddo em banda larga que cobre completamente o \u00e1udio ambiente. Essa tecnologia impede que dispositivos de grava\u00e7\u00e3o presentes em celulares capturem o conte\u00fado da conversa, bloqueando tentativas de espionagem e grava\u00e7\u00f5es ilegais realizadas por softwares ou hardwares maliciosos. Durante a opera\u00e7\u00e3o, o sistema mant\u00e9m qualidade ac\u00fastica natural no ambiente, sem produzir ru\u00eddos aud\u00edveis ou emitir radia\u00e7\u00e3o eletromagn\u00e9tica prejudicial. A solu\u00e7\u00e3o contribui significativamente para a seguran\u00e7a das comunica\u00e7\u00f5es em reuni\u00f5es, confer\u00eancias e semin\u00e1rios, reduzindo riscos de vazamento de informa\u00e7\u00f5es sens\u00edveis e garantindo maior controle sobre o uso de dispositivos m\u00f3veis.<\/p>\n<ul class=\"list-unstyled list mb-30\">\n<li>\n<div class=\"list-text\">\n<p>Certifica\u00e7\u00e3o Autorizada<\/p>\n<\/div>\n<\/li>\n<li>\n<div class=\"list-text\">\n<p>Alta sensibilidade<\/p>\n<\/div>\n<\/li>\n<li>\n<div class=\"list-text\">\n<p>Posicionamento preciso<\/p>\n<\/div>\n<\/li>\n<li>\n<div class=\"list-text\">\n<p>Bateria de longa dura\u00e7\u00e3o<\/p>\n<\/div>\n<\/li>\n<li>\n<div class=\"list-text\">\n<p>Alta rela\u00e7\u00e3o custo-benef\u00edcio<\/p>\n<\/div>\n<p>&nbsp;<\/li>\n<\/ul>\n<section class=\"elementor-section elementor-top-section elementor-element elementor-element-55293ff elementor-section-boxed elementor-section-height-default elementor-section-height-default\" data-id=\"55293ff\" data-element_type=\"section\" data-e-type=\"section\" data-settings=\"{&quot;background_background&quot;:&quot;classic&quot;}\">\n<div class=\"elementor-container elementor-column-gap-no\">\n<div class=\"elementor-column elementor-col-100 elementor-top-column elementor-element elementor-element-55e9762\" data-id=\"55e9762\" data-element_type=\"column\" data-e-type=\"column\">\n<div class=\"elementor-widget-wrap elementor-element-populated\">\n<div class=\"elementor-element elementor-element-108da6c elementor-widget elementor-widget-text-editor\" data-id=\"108da6c\" data-element_type=\"widget\" data-e-type=\"widget\" data-widget_type=\"text-editor.default\">\n<div class=\"w9-title\">\n<div class=\"w9-title\">\n<h3 class=\"title\"><span dir=\"auto\">Especifica\u00e7\u00f5es<\/span><\/h3>\n<table border=\"0\" cellspacing=\"0\" cellpadding=\"0\">\n<colgroup>\n<col \/>\n<col \/><\/colgroup>\n<tbody>\n<tr>\n<td><span dir=\"auto\">Par\u00e2metros<\/span><\/td>\n<td><span dir=\"auto\">Especifica\u00e7\u00f5es t\u00e9cnicas<\/span><\/td>\n<\/tr>\n<tr>\n<td><span dir=\"auto\">Capacidade de bloqueio<\/span><\/td>\n<td><span dir=\"auto\">100% eficaz, travado dentro da caixa do bloqueador.<\/span><\/td>\n<\/tr>\n<tr>\n<td><span dir=\"auto\">N\u00famero de aparelhos<\/span><\/td>\n<td align=\"right\"><span dir=\"auto\">4<\/span><\/td>\n<\/tr>\n<tr>\n<td><span dir=\"auto\">Tamanho de celular compat\u00edvel<\/span><\/td>\n<td><span dir=\"auto\">\u2264170 mm * 70 mm * 20 mm<\/span><\/td>\n<\/tr>\n<tr>\n<td><span dir=\"auto\">Hor\u00e1rio de trabalho<\/span><\/td>\n<td><span dir=\"auto\">\u22654 horas<\/span><\/td>\n<\/tr>\n<tr>\n<td><span dir=\"auto\">Indicador de status<\/span><\/td>\n<td><span dir=\"auto\">Luz ambiente<\/span><\/td>\n<\/tr>\n<tr>\n<td><span dir=\"auto\">Caminho inicial<\/span><\/td>\n<td><span dir=\"auto\">Interruptor de bot\u00e3o<\/span><\/td>\n<\/tr>\n<tr>\n<td><span dir=\"auto\">Indicador de bateria<\/span><\/td>\n<td><span dir=\"auto\">Luzes LED de 4 posi\u00e7\u00f5es<\/span><\/td>\n<\/tr>\n<tr>\n<td><span dir=\"auto\">Tens\u00e3o de carregamento<\/span><\/td>\n<td><span dir=\"auto\">12V<\/span><span dir=\"auto\">\u2393<\/span><span dir=\"auto\">1,5A<\/span><\/td>\n<\/tr>\n<tr>\n<td><span dir=\"auto\">Interface de carregamento<\/span><\/td>\n<td><span dir=\"auto\">USB-C<\/span><\/td>\n<\/tr>\n<tr>\n<td><span dir=\"auto\">Capacidade da bateria<\/span><\/td>\n<td><span dir=\"auto\">6800mAh (3,7V)<\/span><\/td>\n<\/tr>\n<\/tbody>\n<\/table>\n<\/div>\n<\/div>\n<\/div>\n<\/div>\n<\/div>\n<\/div>\n<\/section>\n<section class=\"elementor-section elementor-top-section elementor-element elementor-element-c0de2e1 elementor-section-full_width elementor-section-height-default elementor-section-height-default\" data-id=\"c0de2e1\" data-element_type=\"section\" data-e-type=\"section\" data-settings=\"{&quot;background_background&quot;:&quot;classic&quot;}\">\n<div class=\"elementor-container elementor-column-gap-no\">\n<div class=\"elementor-column elementor-col-100 elementor-top-column elementor-element elementor-element-1d443e2\" data-id=\"1d443e2\" data-element_type=\"column\" data-e-type=\"column\">\n<div class=\"elementor-widget-wrap elementor-element-populated\">\n<div class=\"elementor-element elementor-element-82acc03 elementor-align-left elementor-widget elementor-widget-bdevs-portfolio-area\" data-id=\"82acc03\" data-element_type=\"widget\" data-e-type=\"widget\" data-widget_type=\"bdevs-portfolio-area.default\">\n<div class=\"elementor-widget-container\">\n<section class=\"portfolio section-padding\">\n<div class=\"container\">\n<div class=\"row\">\n<div class=\"col-md-12 text-center mb-20\">\n<div class=\"section-subtitle\"><\/div>\n<\/div>\n<\/div>\n<\/div>\n<\/section>\n<\/div>\n<\/div>\n<\/div>\n<\/div>\n<\/div>\n<\/section>\n<div class=\"list-text\">\n<section class=\"elementor-section elementor-top-section elementor-element elementor-element-55293ff elementor-section-boxed elementor-section-height-default elementor-section-height-default\" data-id=\"55293ff\" data-element_type=\"section\" data-e-type=\"section\" data-settings=\"{&quot;background_background&quot;:&quot;classic&quot;}\">\n<div class=\"elementor-container elementor-column-gap-no\">\n<div class=\"elementor-column elementor-col-100 elementor-top-column elementor-element elementor-element-55e9762\" data-id=\"55e9762\" data-element_type=\"column\" data-e-type=\"column\">\n<div class=\"elementor-widget-wrap elementor-element-populated\"><\/div>\n<\/div>\n<\/div>\n<\/section>\n<\/div>","protected":false},"excerpt":{"rendered":"<p style=\"text-align: justify;\">O dispositivo foi desenvolvido para prote\u00e7\u00e3o contra grava\u00e7\u00f5es realizadas por celulares, oferecendo uma solu\u00e7\u00e3o eficiente para ambientes que exigem alto n\u00edvel de confidencialidade e controle centralizado de dispositivos m\u00f3veis. Seu design com m\u00faltiplos compartimentos permite acomodar e proteger at\u00e9 quatro celulares simultaneamente, tornando-o ideal para reuni\u00f5es estrat\u00e9gicas e ambientes corporativos sens\u00edveis.<\/p>","protected":false},"featured_media":328,"comment_status":"open","ping_status":"closed","template":"","meta":[],"product_brand":[],"product_cat":[30],"product_tag":[],"class_list":{"0":"post-313","1":"product","2":"type-product","3":"status-publish","4":"has-post-thumbnail","6":"product_cat-bloqueador-de-audio","8":"first","9":"instock","10":"shipping-taxable","11":"product-type-simple"},"_links":{"self":[{"href":"https:\/\/globalsecuritytechnology.com.br\/en\/wp-json\/wp\/v2\/product\/313","targetHints":{"allow":["GET"]}}],"collection":[{"href":"https:\/\/globalsecuritytechnology.com.br\/en\/wp-json\/wp\/v2\/product"}],"about":[{"href":"https:\/\/globalsecuritytechnology.com.br\/en\/wp-json\/wp\/v2\/types\/product"}],"replies":[{"embeddable":true,"href":"https:\/\/globalsecuritytechnology.com.br\/en\/wp-json\/wp\/v2\/comments?post=313"}],"wp:featuredmedia":[{"embeddable":true,"href":"https:\/\/globalsecuritytechnology.com.br\/en\/wp-json\/wp\/v2\/media\/328"}],"wp:attachment":[{"href":"https:\/\/globalsecuritytechnology.com.br\/en\/wp-json\/wp\/v2\/media?parent=313"}],"wp:term":[{"taxonomy":"product_brand","embeddable":true,"href":"https:\/\/globalsecuritytechnology.com.br\/en\/wp-json\/wp\/v2\/product_brand?post=313"},{"taxonomy":"product_cat","embeddable":true,"href":"https:\/\/globalsecuritytechnology.com.br\/en\/wp-json\/wp\/v2\/product_cat?post=313"},{"taxonomy":"product_tag","embeddable":true,"href":"https:\/\/globalsecuritytechnology.com.br\/en\/wp-json\/wp\/v2\/product_tag?post=313"}],"curies":[{"name":"wp","href":"https:\/\/api.w.org\/{rel}","templated":true}]}}