{"id":109,"date":"2019-12-26T06:57:13","date_gmt":"2019-12-26T06:57:13","guid":{"rendered":"https:\/\/globalsecuritytechnology.com.br\/about\/"},"modified":"2026-04-06T17:22:30","modified_gmt":"2026-04-06T20:22:30","slug":"empresa","status":"publish","type":"page","link":"https:\/\/globalsecuritytechnology.com.br\/es\/empresa\/","title":{"rendered":"empresa"},"content":{"rendered":"<div data-elementor-type=\"wp-page\" data-elementor-id=\"109\" class=\"elementor elementor-109\" data-elementor-settings=\"{&quot;ha_cmc_init_switcher&quot;:&quot;no&quot;}\" data-elementor-post-type=\"page\">\n\t\t\t\t<div class=\"aux-parallax-section elementor-element elementor-element-9c57da3 e-flex e-con-boxed e-con e-parent\" data-id=\"9c57da3\" data-element_type=\"container\" data-e-type=\"container\" data-settings=\"{&quot;_ha_eqh_enable&quot;:false}\">\n\t\t\t\t\t<div class=\"e-con-inner\">\n\t\t<div class=\"elementor-element elementor-element-d12848d e-con-full e-flex e-con e-child\" data-id=\"d12848d\" data-element_type=\"container\" data-e-type=\"container\" data-settings=\"{&quot;_ha_eqh_enable&quot;:false}\">\n\t\t\t\t<div class=\"elementor-element elementor-element-c97ded0 aux-appear-watch-animation aux-fade-in-up-1 elementor-widget elementor-widget-aux_modern_heading\" data-id=\"c97ded0\" data-element_type=\"widget\" data-e-type=\"widget\" data-widget_type=\"aux_modern_heading.default\">\n\t\t\t\t<div class=\"elementor-widget-container\">\n\t\t\t\t\t<section class=\"aux-widget-modern-heading\">\n            <div class=\"aux-widget-inner\"><h2 class=\"aux-modern-heading-primary\">POR QUE NOS ESCOLHER?<\/h2><h3 class=\"aux-modern-heading-secondary\"><span class=\"aux-head-before\">Somos especialistas em<\/span><span class=\"aux-head-highlight\">Contramedidas<\/span><\/h3><\/div>\n        <\/section>\t\t\t\t<\/div>\n\t\t\t\t<\/div>\n\t\t\t\t<div class=\"elementor-element elementor-element-5588563 elementor-widget elementor-widget-text-editor\" data-id=\"5588563\" data-element_type=\"widget\" data-e-type=\"widget\" data-widget_type=\"text-editor.default\">\n\t\t\t\t<div class=\"elementor-widget-container\">\n\t\t\t\t\t\t\t\t\t<p>A Global Security Technology \u00e9 especializada em solu\u00e7\u00f5es avan\u00e7adas de seguran\u00e7a tecnol\u00f3gica, contraintelig\u00eancia e prote\u00e7\u00e3o da informa\u00e7\u00e3o. Atuamos na preven\u00e7\u00e3o de espionagem, prote\u00e7\u00e3o de comunica\u00e7\u00f5es e seguran\u00e7a de ambientes estrat\u00e9gicos.<\/p><p>Oferecemos solu\u00e7\u00f5es avan\u00e7adas em seguran\u00e7a tecnol\u00f3gica, unindo prote\u00e7\u00e3o de dados, an\u00e1lise de ambientes e preven\u00e7\u00e3o de amea\u00e7as. Nossos servi\u00e7os e equipamentos s\u00e3o desenvolvidos para identificar riscos ocultos e garantir a confidencialidade de opera\u00e7\u00f5es sens\u00edveis.<\/p><p>Atendemos \u00f3rg\u00e3os p\u00fablicos e empresas privadas que exigem alto n\u00edvel de seguran\u00e7a, confiabilidade e controle das informa\u00e7\u00f5es.<\/p>\t\t\t\t\t\t\t\t<\/div>\n\t\t\t\t<\/div>\n\t\t\t\t<div class=\"elementor-element elementor-element-35a0ac2 aux-appear-watch-animation aux-fade-in-up-1 elementor-widget elementor-widget-aux_text\" data-id=\"35a0ac2\" data-element_type=\"widget\" data-e-type=\"widget\" data-widget_type=\"aux_text.default\">\n\t\t\t\t<div class=\"elementor-widget-container\">\n\t\t\t\t\t<section class=\"widget-container aux-widget-text aux-parent-aua4695b83\">        <div class=\"aux-widget-advanced-text aux-wrap-style-simple aux-ico-pos-left aux-text-left aux-text-resp- aux-text-color-dark aux-text-widget-bg-center  aux-text-padding-fix\" >\n        \n                            <div class=\"aux-text-widget-header\"  >\n                        <div class=\"aux-ico-box aux-ico-large aux-ico-shape-circle aux-ico-clear\">\n                                                                <span class=\"aux-ico auxicon-idea\" > <\/span>\n                                                            <\/div>\n                <\/div>\n            \n            <div class=\"aux-text-inner aux-text-widget-content\">\n                                <h4 class=\"col-title\">Miss\u00e3o<\/h4>\n                                <div class=\"widget-content\">\n                                        <p style=\"text-align: justify\">Proteger informa\u00e7\u00f5es, comunica\u00e7\u00f5es e ambientes estrat\u00e9gicos por meio de solu\u00e7\u00f5es avan\u00e7adas de seguran\u00e7a tecnol\u00f3gica, prevenindo riscos e garantindo a confidencialidade de opera\u00e7\u00f5es sens\u00edveis.<\/p>                <\/div>\n                            <\/div>\n        <\/div>\n                    <div class=\"aux-text-widget-footer\">\n                <div class=\"aux-border-shape-none\">\n                                <\/div>\n            <\/div>\n        \n<\/section><!-- widget-container -->\t\t\t\t<\/div>\n\t\t\t\t<\/div>\n\t\t\t\t<div class=\"elementor-element elementor-element-d0e6f93 aux-appear-watch-animation aux-fade-in-up-1 elementor-widget elementor-widget-aux_text\" data-id=\"d0e6f93\" data-element_type=\"widget\" data-e-type=\"widget\" data-widget_type=\"aux_text.default\">\n\t\t\t\t<div class=\"elementor-widget-container\">\n\t\t\t\t\t<section class=\"widget-container aux-widget-text aux-parent-aua1b61550\">        <div class=\"aux-widget-advanced-text aux-wrap-style-simple aux-ico-pos-left aux-text-left aux-text-resp- aux-text-color-dark aux-text-widget-bg-center  aux-text-padding-fix\" >\n        \n                            <div class=\"aux-text-widget-header\"  >\n                        <div class=\"aux-ico-box aux-ico-large aux-ico-shape-circle aux-ico-clear\">\n                                                                <span class=\"aux-ico auxicon-idea\" > <\/span>\n                                                            <\/div>\n                <\/div>\n            \n            <div class=\"aux-text-inner aux-text-widget-content\">\n                                <h4 class=\"col-title\">Vis\u00e3o<\/h4>\n                                <div class=\"widget-content\">\n                                        <p style=\"text-align: justify\">Ser refer\u00eancia em seguran\u00e7a tecnol\u00f3gica e contraintelig\u00eancia, reconhecida pela inova\u00e7\u00e3o, confiabilidade e excel\u00eancia na prote\u00e7\u00e3o de dados e ambientes estrat\u00e9gicos.<\/p>                <\/div>\n                            <\/div>\n        <\/div>\n                    <div class=\"aux-text-widget-footer\">\n                <div class=\"aux-border-shape-none\">\n                                <\/div>\n            <\/div>\n        \n<\/section><!-- widget-container -->\t\t\t\t<\/div>\n\t\t\t\t<\/div>\n\t\t\t\t<div class=\"elementor-element elementor-element-d7de0a6 aux-appear-watch-animation aux-fade-in-up-1 elementor-widget elementor-widget-aux_text\" data-id=\"d7de0a6\" data-element_type=\"widget\" data-e-type=\"widget\" data-widget_type=\"aux_text.default\">\n\t\t\t\t<div class=\"elementor-widget-container\">\n\t\t\t\t\t<section class=\"widget-container aux-widget-text aux-parent-au1cb6d21e\">        <div class=\"aux-widget-advanced-text aux-wrap-style-simple aux-ico-pos-left aux-text-left aux-text-resp- aux-text-color-dark aux-text-widget-bg-center  aux-text-padding-fix\" >\n        \n                            <div class=\"aux-text-widget-header\"  >\n                        <div class=\"aux-ico-box aux-ico-large aux-ico-shape-circle aux-ico-clear\">\n                                                                <span class=\"aux-ico auxicon-time\" > <\/span>\n                                                            <\/div>\n                <\/div>\n            \n            <div class=\"aux-text-inner aux-text-widget-content\">\n                                <h4 class=\"col-title\">Valores<\/h4>\n                                <div class=\"widget-content\">\n                                        <p style=\"text-align: justify\" data-start=\"530\" data-end=\"609\">Seguran\u00e7a, Confidencialidade,\u00a0Tecnologia, Confiabilidade e Excel\u00eancia.<\/p>                <\/div>\n                            <\/div>\n        <\/div>\n                    <div class=\"aux-text-widget-footer\">\n                <div class=\"aux-border-shape-none\">\n                                <\/div>\n            <\/div>\n        \n<\/section><!-- widget-container -->\t\t\t\t<\/div>\n\t\t\t\t<\/div>\n\t\t\t\t<\/div>\n\t\t<div class=\"elementor-element elementor-element-d131d9a e-con-full e-flex e-con e-child\" data-id=\"d131d9a\" data-element_type=\"container\" data-e-type=\"container\" data-settings=\"{&quot;_ha_eqh_enable&quot;:false}\">\n\t\t\t\t<div class=\"elementor-element elementor-element-d6b84da aux-appear-watch-animation aux-scale-up-1 elementor-widget elementor-widget-aux_image\" data-id=\"d6b84da\" data-element_type=\"widget\" data-e-type=\"widget\" data-widget_type=\"aux_image.default\">\n\t\t\t\t<div class=\"elementor-widget-container\">\n\t\t\t\t\t<section class=\"widget-container aux-widget-image aux-alignnone aux-parent-auadb745b9\">\n    <div class=\"aux-media-hint-frame\">\n        <div class=\"aux-media-image\" >\n        \n            \n\n            \n            <img fetchpriority=\"high\" decoding=\"async\" width=\"512\" height=\"512\" src=\"data:image\/gif;base64,R0lGODlhAQABAIAAAAAAAP\/\/\/yH5BAEAAAAALAAAAAABAAEAAAIBRAA7\" class=\"aux-attachment aux-featured-image aux-attachment-id-142 aux-preload aux-blank\" alt=\"cropped-favicon.png\" data-ratio=\"1\" data-original-w=\"512\" data-src=\"https:\/\/globalsecuritytechnology.com.br\/wp-content\/uploads\/2026\/03\/cropped-favicon.png\" \/>            \n                <\/div>\n    <\/div>\n\n<\/section><!-- widget-container -->\t\t\t\t<\/div>\n\t\t\t\t<\/div>\n\t\t\t\t<\/div>\n\t\t\t\t\t<\/div>\n\t\t\t\t<\/div>\n\t\t<div class=\"aux-parallax-section elementor-element elementor-element-a5a0554 aux-appear-watch-animation aux-mask-from-top e-flex e-con-boxed e-con e-parent\" data-id=\"a5a0554\" data-element_type=\"container\" data-e-type=\"container\" data-settings=\"{&quot;_ha_eqh_enable&quot;:false}\">\n\t\t\t\t\t<div class=\"e-con-inner\">\n\t\t<div class=\"elementor-element elementor-element-7ecf641 e-con-full e-flex e-con e-child\" data-id=\"7ecf641\" data-element_type=\"container\" data-e-type=\"container\" data-settings=\"{&quot;background_background&quot;:&quot;classic&quot;,&quot;_ha_eqh_enable&quot;:false}\">\n\t\t\t\t<div class=\"elementor-element elementor-element-ece08a6 aux-appear-watch-animation aux-fade-in-up-1 elementor-widget elementor-widget-aux_modern_heading\" data-id=\"ece08a6\" data-element_type=\"widget\" data-e-type=\"widget\" data-widget_type=\"aux_modern_heading.default\">\n\t\t\t\t<div class=\"elementor-widget-container\">\n\t\t\t\t\t<section class=\"aux-widget-modern-heading\">\n            <div class=\"aux-widget-inner\"><h2 class=\"aux-modern-heading-primary\">Garanta prote\u00e7\u00e3o total contra espionagem e intercepta\u00e7\u00f5es.<\/h2><div class=\"aux-modern-heading-description\"><p>Se pode ser gravado, pode ser vazado.<\/p><\/div><\/div>\n        <\/section>\t\t\t\t<\/div>\n\t\t\t\t<\/div>\n\t\t\t\t<div class=\"elementor-element elementor-element-72ccf3c aux-appear-watch-animation aux-fade-in-up-1 elementor-widget elementor-widget-aux_button\" data-id=\"72ccf3c\" data-element_type=\"widget\" data-e-type=\"widget\" data-widget_type=\"aux_button.default\">\n\t\t\t\t<div class=\"elementor-widget-container\">\n\t\t\t\t\t<a  href=\"https:\/\/globalsecuritytechnology.com.br\/es\/contato\/\" target=\"_self\"   class=\"aux-button aux-medium aux-carmine-pink aux-curve aux-none aux-uppercase\" ><span class=\"aux-overlay\"><\/span><span class=\"aux-text\">Falar com Especialista<\/span><\/a>\t\t\t\t<\/div>\n\t\t\t\t<\/div>\n\t\t\t\t<\/div>\n\t\t\t\t\t<\/div>\n\t\t\t\t<\/div>\n\t\t<div class=\"aux-parallax-section elementor-element elementor-element-61e71e8 e-flex e-con-boxed e-con e-parent\" data-id=\"61e71e8\" data-element_type=\"container\" data-e-type=\"container\" data-settings=\"{&quot;_ha_eqh_enable&quot;:false}\">\n\t\t\t\t\t<div class=\"e-con-inner\">\n\t\t<div class=\"elementor-element elementor-element-5a8177b e-con-full e-flex e-con e-child\" data-id=\"5a8177b\" data-element_type=\"container\" data-e-type=\"container\" data-settings=\"{&quot;_ha_eqh_enable&quot;:false}\">\n\t\t\t\t<div class=\"elementor-element elementor-element-a858972 aux-appear-watch-animation aux-fade-in-up-1 elementor-widget elementor-widget-aux_modern_heading\" data-id=\"a858972\" data-element_type=\"widget\" data-e-type=\"widget\" data-widget_type=\"aux_modern_heading.default\">\n\t\t\t\t<div class=\"elementor-widget-container\">\n\t\t\t\t\t<section class=\"aux-widget-modern-heading\">\n            <div class=\"aux-widget-inner\"><h6 class=\"aux-modern-heading-primary\">Um pouco mais sobre n\u00f3s<\/h6><h3 class=\"aux-modern-heading-secondary\"><span class=\"aux-head-before\">Garanta sua sala com<\/span><span class=\"aux-head-highlight\">seguran\u00e7a avan\u00e7ada<\/span><\/h3><\/div>\n        <\/section>\t\t\t\t<\/div>\n\t\t\t\t<\/div>\n\t\t\t\t<\/div>\n\t\t<div class=\"elementor-element elementor-element-5ca3e7f e-con-full e-flex e-con e-child\" data-id=\"5ca3e7f\" data-element_type=\"container\" data-e-type=\"container\" data-settings=\"{&quot;_ha_eqh_enable&quot;:false}\">\n\t\t\t\t<div class=\"elementor-element elementor-element-42079c2 aux-appear-watch-animation aux-fade-in-up-1 elementor-widget elementor-widget-text-editor\" data-id=\"42079c2\" data-element_type=\"widget\" data-e-type=\"widget\" data-widget_type=\"text-editor.default\">\n\t\t\t\t<div class=\"elementor-widget-container\">\n\t\t\t\t\t\t\t\t\t<p style=\"text-align: justify;\" data-start=\"116\" data-end=\"499\">Profissionais com mais de <strong data-start=\"128\" data-end=\"163\">30 anos de experi\u00eancia no setor<\/strong>, a Global Security Technology atua na prote\u00e7\u00e3o de informa\u00e7\u00f5es, comunica\u00e7\u00f5es e ambientes estrat\u00e9gicos com alto n\u00edvel de especializa\u00e7\u00e3o. Ao longo de sua trajet\u00f3ria, a empresa consolidou conhecimento t\u00e9cnico e operacional na identifica\u00e7\u00e3o de amea\u00e7as, preven\u00e7\u00e3o de espionagem e implementa\u00e7\u00e3o de solu\u00e7\u00f5es de seguran\u00e7a em ambientes cr\u00edticos.<\/p>\t\t\t\t\t\t\t\t<\/div>\n\t\t\t\t<\/div>\n\t\t\t\t<\/div>\n\t\t<div class=\"elementor-element elementor-element-f869fcb e-con-full e-flex e-con e-child\" data-id=\"f869fcb\" data-element_type=\"container\" data-e-type=\"container\" data-settings=\"{&quot;_ha_eqh_enable&quot;:false}\">\n\t\t\t\t<div class=\"elementor-element elementor-element-76caf8d aux-appear-watch-animation aux-fade-in-up-1 elementor-widget elementor-widget-text-editor\" data-id=\"76caf8d\" data-element_type=\"widget\" data-e-type=\"widget\" data-widget_type=\"text-editor.default\">\n\t\t\t\t<div class=\"elementor-widget-container\">\n\t\t\t\t\t\t\t\t\t<p style=\"text-align: justify;\">Essa experi\u00eancia permite oferecer solu\u00e7\u00f5es precisas, confi\u00e1veis e alinhadas \u00e0s necessidades de organiza\u00e7\u00f5es que lidam com dados sens\u00edveis, garantindo maior controle, seguran\u00e7a e confidencialidade em cada opera\u00e7\u00e3o.<\/p>\t\t\t\t\t\t\t\t<\/div>\n\t\t\t\t<\/div>\n\t\t\t\t<div class=\"elementor-element elementor-element-c60aac9 aux-appear-watch-animation aux-fade-in-right-1 elementor-widget elementor-widget-aux_image\" data-id=\"c60aac9\" data-element_type=\"widget\" data-e-type=\"widget\" data-widget_type=\"aux_image.default\">\n\t\t\t\t<div class=\"elementor-widget-container\">\n\t\t\t\t\t<section class=\"widget-container aux-widget-image aux-alignnone aux-parent-aub1a88526\">\n    <div class=\"aux-media-hint-frame\">\n        <div class=\"aux-media-image\" >\n        \n            \n\n            \n                        \n                <\/div>\n    <\/div>\n\n<\/section><!-- widget-container -->\t\t\t\t<\/div>\n\t\t\t\t<\/div>\n\t\t\t\t<\/div>\n\t\t\t\t\t<\/div>\n\t\t\t\t<\/div>\n\t\t\t\t<\/div>","protected":false},"excerpt":{"rendered":"<p>POR QUE NOS ESCOLHER? Somos especialistas emContramedidas A Global Security Technology \u00e9 especializada em solu\u00e7\u00f5es avan\u00e7adas de seguran\u00e7a tecnol\u00f3gica, contraintelig\u00eancia e prote\u00e7\u00e3o da informa\u00e7\u00e3o. Atuamos na preven\u00e7\u00e3o de espionagem, prote\u00e7\u00e3o de comunica\u00e7\u00f5es e seguran\u00e7a de ambientes estrat\u00e9gicos. Oferecemos solu\u00e7\u00f5es avan\u00e7adas em seguran\u00e7a tecnol\u00f3gica, unindo prote\u00e7\u00e3o de dados, an\u00e1lise de ambientes e preven\u00e7\u00e3o de amea\u00e7as. Nossos [&hellip;]<\/p>\n","protected":false},"author":1,"featured_media":0,"parent":0,"menu_order":0,"comment_status":"closed","ping_status":"closed","template":"templates\/page-builder-content.php","meta":{"footnotes":""},"class_list":["post-109","page","type-page","status-publish","hentry"],"_links":{"self":[{"href":"https:\/\/globalsecuritytechnology.com.br\/es\/wp-json\/wp\/v2\/pages\/109","targetHints":{"allow":["GET"]}}],"collection":[{"href":"https:\/\/globalsecuritytechnology.com.br\/es\/wp-json\/wp\/v2\/pages"}],"about":[{"href":"https:\/\/globalsecuritytechnology.com.br\/es\/wp-json\/wp\/v2\/types\/page"}],"author":[{"embeddable":true,"href":"https:\/\/globalsecuritytechnology.com.br\/es\/wp-json\/wp\/v2\/users\/1"}],"replies":[{"embeddable":true,"href":"https:\/\/globalsecuritytechnology.com.br\/es\/wp-json\/wp\/v2\/comments?post=109"}],"version-history":[{"count":13,"href":"https:\/\/globalsecuritytechnology.com.br\/es\/wp-json\/wp\/v2\/pages\/109\/revisions"}],"predecessor-version":[{"id":403,"href":"https:\/\/globalsecuritytechnology.com.br\/es\/wp-json\/wp\/v2\/pages\/109\/revisions\/403"}],"wp:attachment":[{"href":"https:\/\/globalsecuritytechnology.com.br\/es\/wp-json\/wp\/v2\/media?parent=109"}],"curies":[{"name":"wp","href":"https:\/\/api.w.org\/{rel}","templated":true}]}}