{"id":282,"date":"2026-03-25T23:16:18","date_gmt":"2026-03-25T23:16:18","guid":{"rendered":"https:\/\/globalsecuritytechnology.com.br\/?post_type=product&#038;p=282"},"modified":"2026-03-26T18:17:31","modified_gmt":"2026-03-26T18:17:31","slug":"at-315","status":"publish","type":"product","link":"https:\/\/globalsecuritytechnology.com.br\/es\/product\/at-315\/","title":{"rendered":"AT-315"},"content":{"rendered":"<h3>Bloqueador de \u00e1udio para uso embaixo da mesa<\/h3>\n<p class=\"mb-30\">O AT-315 foi desenvolvido para proteger ambientes que exigem alto n\u00edvel de confidencialidade, especialmente salas de confer\u00eancia com isolamento ac\u00fastico. Utilizando tecnologia avan\u00e7ada de mixagem ac\u00fastica n\u00e3o linear, aliada ao sistema ultrass\u00f4nico Wave Shield\u2122, desenvolvido internamente, o equipamento gera sinais ultrass\u00f4nicos controlados capazes de interferir em tentativas de grava\u00e7\u00e3o realizadas por celulares, c\u00e2meras de v\u00eddeo e outros dispositivos eletr\u00f4nicos.<br \/>\nEsses sinais produzem interfer\u00eancias ultrass\u00f4nicas impercept\u00edveis ao ouvido humano, mas capazes de comprometer a captura de \u00e1udio por equipamentos de grava\u00e7\u00e3o n\u00e3o autorizados. Dessa forma, o sistema cria um ambiente seguro para reuni\u00f5es estrat\u00e9gicas e discuss\u00f5es sens\u00edveis, reduzindo significativamente o risco de capta\u00e7\u00e3o indevida de informa\u00e7\u00f5es.<br \/>\nO sinal ultrass\u00f4nico emitido possui caracter\u00edsticas aleat\u00f3rias e n\u00e3o lineares, impossibilitando a filtragem ou recupera\u00e7\u00e3o posterior do \u00e1udio gravado por meios tecnol\u00f3gicos convencionais. Isso garante uma prote\u00e7\u00e3o eficaz contra vazamento ou dissemina\u00e7\u00e3o n\u00e3o autorizada de informa\u00e7\u00f5es confidenciais.<br \/>\nProjetado para ambientes corporativos e institucionais, o AT-315 \u00e9 compat\u00edvel com salas de reuni\u00e3o de diferentes tamanhos e pode ser integrado a mesas de confer\u00eancia equipadas com m\u00faltiplos dispositivos, permitindo controle centralizado por rede para uma gest\u00e3o eficiente da seguran\u00e7a ac\u00fastica.<br \/>\nPrincipais aplica\u00e7\u00f5es:<br \/>\n<img decoding=\"async\" class=\"emoji\" role=\"img\" draggable=\"false\" src=\"https:\/\/s.w.org\/images\/core\/emoji\/17.0.2\/svg\/1f539.svg\" alt=\"\ud83d\udd39\" \/>\u00a0Prote\u00e7\u00e3o de reuni\u00f5es confidenciais Ambientes destinados \u00e0 discuss\u00e3o de informa\u00e7\u00f5es estrat\u00e9gicas ou decis\u00f5es cr\u00edticas.<br \/>\n<img decoding=\"async\" class=\"emoji\" role=\"img\" draggable=\"false\" src=\"https:\/\/s.w.org\/images\/core\/emoji\/17.0.2\/svg\/1f539.svg\" alt=\"\ud83d\udd39\" \/>\u00a0Seguran\u00e7a institucional Aplica\u00e7\u00e3o em \u00f3rg\u00e3os governamentais, departamentos de seguran\u00e7a nacional e institui\u00e7\u00f5es que exigem elevado n\u00edvel de prote\u00e7\u00e3o da informa\u00e7\u00e3o.<br \/>\n<img decoding=\"async\" class=\"emoji\" role=\"img\" draggable=\"false\" src=\"https:\/\/s.w.org\/images\/core\/emoji\/17.0.2\/svg\/1f539.svg\" alt=\"\ud83d\udd39\" \/>\u00a0Ambientes corporativos e executivos Prote\u00e7\u00e3o de reuni\u00f5es empresariais, negocia\u00e7\u00f5es estrat\u00e9gicas e apresenta\u00e7\u00f5es confidenciais em empresas e hot\u00e9is.<br \/>\n<img decoding=\"async\" class=\"emoji\" role=\"img\" draggable=\"false\" src=\"https:\/\/s.w.org\/images\/core\/emoji\/17.0.2\/svg\/1f539.svg\" alt=\"\ud83d\udd39\" \/>\u00a0Preven\u00e7\u00e3o contra grava\u00e7\u00f5es n\u00e3o autorizadas<br \/>\nInterfere na captura de \u00e1udio por smartphones, gravadores digitais e c\u00e2meras, reduzindo o risco de vazamento de informa\u00e7\u00f5es.<\/p>\n<ul class=\"list-unstyled list mb-30\">\n<li>\n<div class=\"list-text\">\n<p>Certifica\u00e7\u00e3o Autorizada<\/p>\n<\/div>\n<\/li>\n<li>\n<div class=\"list-text\">\n<p>Prote\u00e7\u00e3o eficaz<\/p>\n<\/div>\n<\/li>\n<li>\n<div class=\"list-text\">\n<p>Seguro<\/p>\n<\/div>\n<\/li>\n<li>\n<div class=\"list-text\">\n<p>Implanta\u00e7\u00e3o flex\u00edvel<\/p>\n<\/div>\n<\/li>\n<li>\n<div class=\"list-text\">\n<p>Controle de rede<\/p>\n<\/div>\n<p>&nbsp;<\/li>\n<\/ul>\n<section class=\"elementor-section elementor-top-section elementor-element elementor-element-55293ff elementor-section-boxed elementor-section-height-default elementor-section-height-default\" data-id=\"55293ff\" data-element_type=\"section\" data-e-type=\"section\" data-settings=\"{&quot;background_background&quot;:&quot;classic&quot;}\">\n<div class=\"elementor-container elementor-column-gap-no\">\n<div class=\"elementor-column elementor-col-100 elementor-top-column elementor-element elementor-element-55e9762\" data-id=\"55e9762\" data-element_type=\"column\" data-e-type=\"column\">\n<div class=\"elementor-widget-wrap elementor-element-populated\">\n<div class=\"elementor-element elementor-element-108da6c elementor-widget elementor-widget-text-editor\" data-id=\"108da6c\" data-element_type=\"widget\" data-e-type=\"widget\" data-widget_type=\"text-editor.default\">\n<h3>Especifica\u00e7\u00f5es<\/h3>\n<table>\n<thead>\n<tr>\n<th>Par\u00e2metros<\/th>\n<th>Especifica\u00e7\u00f5es t\u00e9cnicas<\/th>\n<\/tr>\n<\/thead>\n<tbody>\n<tr>\n<td>Consumo de energia<\/td>\n<td>&lt; 50 W<\/td>\n<\/tr>\n<tr>\n<td>Fonte de energia<\/td>\n<td>DC 18\u201330 V<\/td>\n<\/tr>\n<tr>\n<td>Objetos de bloqueio<\/td>\n<td>Gera\u00e7\u00e3o de satura\u00e7\u00e3o de \u00e1udio em dispositivos de grava\u00e7\u00e3o como smartphones Android e iPhone,<br \/>\nfazendo com que os arquivos gravados se tornem ru\u00eddo, impedindo a compreens\u00e3o da voz original.<\/td>\n<\/tr>\n<tr>\n<td>Dist\u00e2ncia de bloqueio<\/td>\n<td>Huawei Mate 40 &gt; 2 m @ 70 dB \/ iPhone 12 &gt; 1,5 m @ 70 dB<\/td>\n<\/tr>\n<tr>\n<td>N\u00famero de sondas<\/td>\n<td>96 \/ 72<\/td>\n<\/tr>\n<tr>\n<td>\u00c2ngulo de bloqueio<\/td>\n<td>60\u00b0 a 1 m<\/td>\n<\/tr>\n<tr>\n<td>Interface de rede<\/td>\n<td>BLE \/ RS232<\/td>\n<\/tr>\n<tr>\n<td>Dist\u00e2ncia de rede sem fio<\/td>\n<td>&gt; 10 m<\/td>\n<\/tr>\n<tr>\n<td>Peso<\/td>\n<td>Aproximadamente 1500 g \/ 730 g<\/td>\n<\/tr>\n<tr>\n<td>Cor<\/td>\n<td>Cinza prateado<\/td>\n<\/tr>\n<tr>\n<td>Tamanho<\/td>\n<td>354 \u00d7 127 \u00d7 26 mm \/ 325 \u00d7 96 \u00d7 64 mm<\/td>\n<\/tr>\n<tr>\n<td>Temperatura de trabalho<\/td>\n<td>-10\u00b0C ~ 45\u00b0C<\/td>\n<\/tr>\n<tr>\n<td>Umidade de trabalho<\/td>\n<td>\u2264 85% (sem condensa\u00e7\u00e3o)<\/td>\n<\/tr>\n<\/tbody>\n<\/table>\n<\/div>\n<\/div>\n<\/div>\n<\/div>\n<\/section>\n<section class=\"elementor-section elementor-top-section elementor-element elementor-element-c0de2e1 elementor-section-full_width elementor-section-height-default elementor-section-height-default\" data-id=\"c0de2e1\" data-element_type=\"section\" data-e-type=\"section\" data-settings=\"{&quot;background_background&quot;:&quot;classic&quot;}\">\n<div class=\"elementor-container elementor-column-gap-no\">\n<div class=\"elementor-column elementor-col-100 elementor-top-column elementor-element elementor-element-1d443e2\" data-id=\"1d443e2\" data-element_type=\"column\" data-e-type=\"column\">\n<div class=\"elementor-widget-wrap elementor-element-populated\">\n<div class=\"elementor-element elementor-element-82acc03 elementor-align-left elementor-widget elementor-widget-bdevs-portfolio-area\" data-id=\"82acc03\" data-element_type=\"widget\" data-e-type=\"widget\" data-widget_type=\"bdevs-portfolio-area.default\">\n<div class=\"elementor-widget-container\">\n<section class=\"portfolio section-padding\">\n<div class=\"container\">\n<div class=\"row\"><\/div>\n<\/div>\n<\/section>\n<\/div>\n<\/div>\n<\/div>\n<\/div>\n<\/div>\n<\/section>\n<div class=\"list-text\">\n<section class=\"elementor-section elementor-top-section elementor-element elementor-element-55293ff elementor-section-boxed elementor-section-height-default elementor-section-height-default\" data-id=\"55293ff\" data-element_type=\"section\" data-e-type=\"section\" data-settings=\"{&quot;background_background&quot;:&quot;classic&quot;}\">\n<div class=\"elementor-container elementor-column-gap-no\">\n<div class=\"elementor-column elementor-col-100 elementor-top-column elementor-element elementor-element-55e9762\" data-id=\"55e9762\" data-element_type=\"column\" data-e-type=\"column\">\n<div class=\"elementor-widget-wrap elementor-element-populated\"><\/div>\n<\/div>\n<\/div>\n<\/section>\n<\/div>","protected":false},"excerpt":{"rendered":"<p style=\"text-align: justify;\">O AT-315 foi desenvolvido para proteger ambientes que exigem alto n\u00edvel de confidencialidade, especialmente salas de confer\u00eancia com isolamento ac\u00fastico. Utilizando tecnologia avan\u00e7ada de mixagem ac\u00fastica n\u00e3o linear, aliada ao sistema ultrass\u00f4nico Wave Shield\u2122, desenvolvido internamente, o equipamento gera sinais ultrass\u00f4nicos controlados capazes de interferir em tentativas de grava\u00e7\u00e3o realizadas por celulares, c\u00e2meras de v\u00eddeo e outros dispositivos eletr\u00f4nicos.<\/p>","protected":false},"featured_media":338,"comment_status":"closed","ping_status":"closed","template":"","meta":[],"product_brand":[],"product_cat":[30],"product_tag":[],"class_list":{"0":"post-282","1":"product","2":"type-product","3":"status-publish","4":"has-post-thumbnail","6":"product_cat-bloqueador-de-audio","8":"first","9":"instock","10":"featured","11":"shipping-taxable","12":"product-type-simple"},"_links":{"self":[{"href":"https:\/\/globalsecuritytechnology.com.br\/es\/wp-json\/wp\/v2\/product\/282","targetHints":{"allow":["GET"]}}],"collection":[{"href":"https:\/\/globalsecuritytechnology.com.br\/es\/wp-json\/wp\/v2\/product"}],"about":[{"href":"https:\/\/globalsecuritytechnology.com.br\/es\/wp-json\/wp\/v2\/types\/product"}],"replies":[{"embeddable":true,"href":"https:\/\/globalsecuritytechnology.com.br\/es\/wp-json\/wp\/v2\/comments?post=282"}],"wp:featuredmedia":[{"embeddable":true,"href":"https:\/\/globalsecuritytechnology.com.br\/es\/wp-json\/wp\/v2\/media\/338"}],"wp:attachment":[{"href":"https:\/\/globalsecuritytechnology.com.br\/es\/wp-json\/wp\/v2\/media?parent=282"}],"wp:term":[{"taxonomy":"product_brand","embeddable":true,"href":"https:\/\/globalsecuritytechnology.com.br\/es\/wp-json\/wp\/v2\/product_brand?post=282"},{"taxonomy":"product_cat","embeddable":true,"href":"https:\/\/globalsecuritytechnology.com.br\/es\/wp-json\/wp\/v2\/product_cat?post=282"},{"taxonomy":"product_tag","embeddable":true,"href":"https:\/\/globalsecuritytechnology.com.br\/es\/wp-json\/wp\/v2\/product_tag?post=282"}],"curies":[{"name":"wp","href":"https:\/\/api.w.org\/{rel}","templated":true}]}}