{"id":281,"date":"2026-03-25T23:16:05","date_gmt":"2026-03-25T23:16:05","guid":{"rendered":"https:\/\/globalsecuritytechnology.com.br\/?post_type=product&#038;p=281"},"modified":"2026-03-26T17:30:08","modified_gmt":"2026-03-26T17:30:08","slug":"at-301","status":"publish","type":"product","link":"https:\/\/globalsecuritytechnology.com.br\/zh\/product\/at-301\/","title":{"rendered":"AT-301"},"content":{"rendered":"<h3>Terminal de controle do bloqueador de \u00e1udio<\/h3>\n<p class=\"mb-30\">O terminal de controle AT-301, desenvolvido para sistemas de blindagem de grava\u00e7\u00e3o, oferece avan\u00e7ada capacidade de gerenciamento centralizado de m\u00faltiplos dispositivos. A solu\u00e7\u00e3o permite controlar e administrar de forma pr\u00e1tica e eficiente todos os equipamentos de prote\u00e7\u00e3o contra grava\u00e7\u00e3o instalados em salas de confer\u00eancia confidenciais e ambientes de alta seguran\u00e7a. O AT-301 suporta integra\u00e7\u00e3o em rede para at\u00e9 32 dispositivos, possibilitando ampla flexibilidade de implanta\u00e7\u00e3o conforme as necessidades do ambiente. O sistema pode ser conectado por rede cabeada ou sem fio, permitindo acesso e gerenciamento por meio do painel do equipamento ou por plataformas de gerenciamento, de forma individual ou centralizada.<\/p>\n<ul class=\"list-unstyled list mb-30\">\n<li>\n<div class=\"list-text\">\n<p>Certifica\u00e7\u00e3o Autorizada<\/p>\n<\/div>\n<\/li>\n<li>\n<div class=\"list-text\">\n<p>Alta sensibilidade<\/p>\n<\/div>\n<\/li>\n<li>\n<div class=\"list-text\">\n<p>Posicionamento preciso<\/p>\n<\/div>\n<\/li>\n<li>\n<div class=\"list-text\">\n<p>Bateria de longa dura\u00e7\u00e3o<\/p>\n<\/div>\n<\/li>\n<li>\n<div class=\"list-text\">\n<p>Alta rela\u00e7\u00e3o custo-benef\u00edcio<\/p>\n<\/div>\n<p>&nbsp;<\/li>\n<\/ul>\n<section class=\"elementor-section elementor-top-section elementor-element elementor-element-55293ff elementor-section-boxed elementor-section-height-default elementor-section-height-default\" data-id=\"55293ff\" data-element_type=\"section\" data-e-type=\"section\" data-settings=\"{&quot;background_background&quot;:&quot;classic&quot;}\">\n<div class=\"elementor-container elementor-column-gap-no\">\n<div class=\"elementor-column elementor-col-100 elementor-top-column elementor-element elementor-element-55e9762\" data-id=\"55e9762\" data-element_type=\"column\" data-e-type=\"column\">\n<div class=\"elementor-widget-wrap elementor-element-populated\">\n<div class=\"elementor-element elementor-element-108da6c elementor-widget elementor-widget-text-editor\" data-id=\"108da6c\" data-element_type=\"widget\" data-e-type=\"widget\" data-widget_type=\"text-editor.default\">\n<div class=\"w9-title\">\n<h3 class=\"title\"><span dir=\"auto\">Especifica\u00e7\u00f5es<\/span><\/h3>\n<\/div>\n<div class=\"w9-b\">\n<table border=\"0\" cellspacing=\"0\" cellpadding=\"0\">\n<colgroup>\n<col \/>\n<col \/><\/colgroup>\n<tbody>\n<tr>\n<td><span dir=\"auto\">Par\u00e2metros<\/span><\/td>\n<td><span dir=\"auto\">Especifica\u00e7\u00f5es t\u00e9cnicas<\/span><\/td>\n<\/tr>\n<tr>\n<td><span dir=\"auto\">Consumo de energia<\/span><\/td>\n<td><span dir=\"auto\">&lt;10W<\/span><\/td>\n<\/tr>\n<tr>\n<td><span dir=\"auto\">Tens\u00e3o padr\u00e3o<\/span><\/td>\n<td><span dir=\"auto\">5V CC<\/span><\/td>\n<\/tr>\n<tr>\n<td><span dir=\"auto\">Modo interativo<\/span><\/td>\n<td><span dir=\"auto\">Touchpad de 3,92 polegadas (320 x 320 pixels)<\/span><\/td>\n<\/tr>\n<tr>\n<td><span dir=\"auto\">Comunica\u00e7\u00e3o de uplink<\/span><\/td>\n<td><span dir=\"auto\">Wi-Fi\/Ethernet de 100M<\/span><\/td>\n<\/tr>\n<tr>\n<td><span dir=\"auto\">Comunica\u00e7\u00e3o de downlink<\/span><\/td>\n<td><span dir=\"auto\">BLE\/RS232<\/span><\/td>\n<\/tr>\n<tr>\n<td><span dir=\"auto\">N\u00famero de dispositivos escravos<\/span><\/td>\n<td><span dir=\"auto\">\u226432 dispositivos escravos<\/span><\/td>\n<\/tr>\n<tr>\n<td><span dir=\"auto\">Dist\u00e2ncia da rede sem fio<\/span><\/td>\n<td><span dir=\"auto\">&gt;10m<\/span><\/td>\n<\/tr>\n<tr>\n<td><span dir=\"auto\">ESD (Descarga Eletrost\u00e1tica)<\/span><\/td>\n<td><span dir=\"auto\">4 kV por contato direto, 8 kV no ar.<\/span><\/td>\n<\/tr>\n<tr>\n<td><span dir=\"auto\">Controle remoto<\/span><\/td>\n<td><span dir=\"auto\">Compat\u00edvel com controle remoto sem fio de 315 MHz<\/span><\/td>\n<\/tr>\n<tr>\n<td><span dir=\"auto\">Tamanho<\/span><\/td>\n<td><span dir=\"auto\">86 mm * 86 mm * 22 mm<\/span><\/td>\n<\/tr>\n<tr>\n<td><span dir=\"auto\">Cor<\/span><\/td>\n<td><span dir=\"auto\">Painel preto com revestimento cinza prateado<\/span><\/td>\n<\/tr>\n<tr>\n<td><span dir=\"auto\">Peso<\/span><\/td>\n<td><span dir=\"auto\">Aproximadamente 115g<\/span><\/td>\n<\/tr>\n<tr>\n<td><span dir=\"auto\">Temperatura de trabalho<\/span><\/td>\n<td><span dir=\"auto\">-10\u2103~45\u2103<\/span><\/td>\n<\/tr>\n<tr>\n<td><span dir=\"auto\">Umidade de trabalho<\/span><\/td>\n<td><span dir=\"auto\">&lt;85%, sem condensa\u00e7\u00e3o<\/span><\/td>\n<\/tr>\n<\/tbody>\n<\/table>\n<\/div>\n<\/div>\n<\/div>\n<\/div>\n<\/div>\n<\/section>\n<div class=\"list-text\">\n<section class=\"elementor-section elementor-top-section elementor-element elementor-element-55293ff elementor-section-boxed elementor-section-height-default elementor-section-height-default\" data-id=\"55293ff\" data-element_type=\"section\" data-e-type=\"section\" data-settings=\"{&quot;background_background&quot;:&quot;classic&quot;}\">\n<div class=\"elementor-container elementor-column-gap-no\">\n<div class=\"elementor-column elementor-col-100 elementor-top-column elementor-element elementor-element-55e9762\" data-id=\"55e9762\" data-element_type=\"column\" data-e-type=\"column\">\n<div class=\"elementor-widget-wrap elementor-element-populated\"><\/div>\n<\/div>\n<\/div>\n<\/section>\n<\/div>","protected":false},"excerpt":{"rendered":"<p style=\"text-align: justify;\">O terminal de controle AT-301, desenvolvido para sistemas de blindagem de grava\u00e7\u00e3o, oferece avan\u00e7ada capacidade de gerenciamento centralizado de m\u00faltiplos dispositivos. A solu\u00e7\u00e3o permite controlar e administrar de forma pr\u00e1tica e eficiente todos os equipamentos de prote\u00e7\u00e3o contra grava\u00e7\u00e3o instalados em salas de confer\u00eancia confidenciais e ambientes de alta seguran\u00e7a.<\/p>","protected":false},"featured_media":323,"comment_status":"closed","ping_status":"closed","template":"","meta":[],"product_brand":[],"product_cat":[29],"product_tag":[],"class_list":{"0":"post-281","1":"product","2":"type-product","3":"status-publish","4":"has-post-thumbnail","6":"product_cat-detectores","8":"first","9":"instock","10":"featured","11":"shipping-taxable","12":"product-type-simple"},"_links":{"self":[{"href":"https:\/\/globalsecuritytechnology.com.br\/zh\/wp-json\/wp\/v2\/product\/281","targetHints":{"allow":["GET"]}}],"collection":[{"href":"https:\/\/globalsecuritytechnology.com.br\/zh\/wp-json\/wp\/v2\/product"}],"about":[{"href":"https:\/\/globalsecuritytechnology.com.br\/zh\/wp-json\/wp\/v2\/types\/product"}],"replies":[{"embeddable":true,"href":"https:\/\/globalsecuritytechnology.com.br\/zh\/wp-json\/wp\/v2\/comments?post=281"}],"wp:featuredmedia":[{"embeddable":true,"href":"https:\/\/globalsecuritytechnology.com.br\/zh\/wp-json\/wp\/v2\/media\/323"}],"wp:attachment":[{"href":"https:\/\/globalsecuritytechnology.com.br\/zh\/wp-json\/wp\/v2\/media?parent=281"}],"wp:term":[{"taxonomy":"product_brand","embeddable":true,"href":"https:\/\/globalsecuritytechnology.com.br\/zh\/wp-json\/wp\/v2\/product_brand?post=281"},{"taxonomy":"product_cat","embeddable":true,"href":"https:\/\/globalsecuritytechnology.com.br\/zh\/wp-json\/wp\/v2\/product_cat?post=281"},{"taxonomy":"product_tag","embeddable":true,"href":"https:\/\/globalsecuritytechnology.com.br\/zh\/wp-json\/wp\/v2\/product_tag?post=281"}],"curies":[{"name":"wp","href":"https:\/\/api.w.org\/{rel}","templated":true}]}}